{"id":682,"date":"2023-09-29T08:02:25","date_gmt":"2023-09-29T06:02:25","guid":{"rendered":"https:\/\/www.coligny-paris.com\/?page_id=682"},"modified":"2025-10-28T17:26:42","modified_gmt":"2025-10-28T16:26:42","slug":"production","status":"publish","type":"page","link":"http:\/\/www.coligny-paris.com\/fr\/production\/","title":{"rendered":"Production"},"content":{"rendered":"<div data-elementor-type=\"wp-page\" data-elementor-id=\"682\" class=\"elementor elementor-682\">\n\t\t\t\t\t\t<section class=\"elementor-section elementor-top-section elementor-element elementor-element-2575b9d elementor-section-boxed elementor-section-height-default elementor-section-height-default\" data-id=\"2575b9d\" data-element_type=\"section\" data-e-type=\"section\">\n\t\t\t\t\t\t<div class=\"elementor-container elementor-column-gap-default\">\n\t\t\t\t\t<div class=\"elementor-column elementor-col-100 elementor-top-column elementor-element elementor-element-ea76ce1\" data-id=\"ea76ce1\" data-element_type=\"column\" data-e-type=\"column\">\n\t\t\t<div class=\"elementor-widget-wrap elementor-element-populated\">\n\t\t\t\t\t\t<div class=\"elementor-element elementor-element-a226be4 elementor-widget elementor-widget-spacer\" data-id=\"a226be4\" data-element_type=\"widget\" data-e-type=\"widget\" data-widget_type=\"spacer.default\">\n\t\t\t\t<div class=\"elementor-widget-container\">\n\t\t\t\t\t\t\t<div class=\"elementor-spacer\">\n\t\t\t<div class=\"elementor-spacer-inner\"><\/div>\n\t\t<\/div>\n\t\t\t\t\t\t<\/div>\n\t\t\t\t<\/div>\n\t\t\t\t\t<\/div>\n\t\t<\/div>\n\t\t\t\t\t<\/div>\n\t\t<\/section>\n\t\t\t\t<section class=\"elementor-section elementor-top-section elementor-element elementor-element-95e23fb elementor-section-full_width elementor-section-height-default elementor-section-height-default\" data-id=\"95e23fb\" data-element_type=\"section\" data-e-type=\"section\">\n\t\t\t\t\t\t<div class=\"elementor-container elementor-column-gap-default\">\n\t\t\t\t\t<div class=\"elementor-column elementor-col-33 elementor-top-column elementor-element elementor-element-eab59c6\" data-id=\"eab59c6\" data-element_type=\"column\" data-e-type=\"column\">\n\t\t\t<div class=\"elementor-widget-wrap elementor-element-populated\">\n\t\t\t\t\t\t<div class=\"elementor-element elementor-element-f66593d elementor-widget__width-initial elementor-widget elementor-widget-image\" data-id=\"f66593d\" data-element_type=\"widget\" data-e-type=\"widget\" data-widget_type=\"image.default\">\n\t\t\t\t<div class=\"elementor-widget-container\">\n\t\t\t\t\t\t\t\t\t\t\t\t\t\t\t<img fetchpriority=\"high\" decoding=\"async\" width=\"756\" height=\"1024\" src=\"https:\/\/www.coligny-paris.com\/wp-content\/uploads\/2023\/09\/luna22-1-756x1024.jpg\" class=\"attachment-large size-large wp-image-688\" alt=\"\" srcset=\"https:\/\/www.coligny-paris.com\/wp-content\/uploads\/2023\/09\/luna22-1-756x1024.jpg 756w, https:\/\/www.coligny-paris.com\/wp-content\/uploads\/2023\/09\/luna22-1-221x300.jpg 221w, https:\/\/www.coligny-paris.com\/wp-content\/uploads\/2023\/09\/luna22-1-768x1040.jpg 768w, https:\/\/www.coligny-paris.com\/wp-content\/uploads\/2023\/09\/luna22-1-1134x1536.jpg 1134w, https:\/\/www.coligny-paris.com\/wp-content\/uploads\/2023\/09\/luna22-1-9x12.jpg 9w, https:\/\/www.coligny-paris.com\/wp-content\/uploads\/2023\/09\/luna22-1.jpg 1264w\" sizes=\"(max-width: 756px) 100vw, 756px\" \/>\t\t\t\t\t\t\t\t\t\t\t\t\t\t\t<\/div>\n\t\t\t\t<\/div>\n\t\t\t\t\t<\/div>\n\t\t<\/div>\n\t\t\t\t<div class=\"elementor-column elementor-col-66 elementor-top-column elementor-element elementor-element-33ab3b2\" data-id=\"33ab3b2\" data-element_type=\"column\" data-e-type=\"column\">\n\t\t\t<div class=\"elementor-widget-wrap elementor-element-populated\">\n\t\t\t\t\t\t<div class=\"elementor-element elementor-element-ebb10b9 elementor-widget__width-initial elementor-widget elementor-widget-text-editor\" data-id=\"ebb10b9\" data-element_type=\"widget\" data-e-type=\"widget\" data-widget_type=\"text-editor.default\">\n\t\t\t\t<div class=\"elementor-widget-container\">\n\t\t\t\t\t\t\t\t\t<div data-canvas-width=\"90.57066666666665\" class=\"translation-block\">COLIGNY \tg\u00e8re tous les \u00e9l\u00e9ments n\u00e9cessaires \u00e0 la r\u00e9alisation des images.\nSi besoin, recherche de lieux, \u00e9l\u00e9ments techniques, \u00e9quipe pro tous issus du \nmonde \u00e9ditorial et artistique.\nMaquilleur coiffeur, styliste, laboratoire photo, encadrement, vid\u00e9ographer.\nL\u2019oeuvre finale est imprim\u00e9e dans les m\u00eames conditions qu\u2019une exposition \nen galerie et son encadrement est en accord avec l\u2019architecture et la \nd\u00e9coration int\u00e9rieure de votre lieu.<\/div><div data-canvas-width=\"90.57066666666665\" class=\"translation-block\">Nous utilisons des mat\u00e9riaux haut de \ngamme et des techniques d\u2019impression de pointe pour garantir que chaque \noeuvre r\u00e9siste \u00e0 l\u2019\u00e9preuve du temps et conserve son \u00e9clat. Aucune limite dans les dimensions, les grands tirages sont privil\u00e9gi\u00e9s afin d\u2019\u00eatre au plus pr\u00e9s d\u2019une exposition d\u2019art.\nSi le film est la direction choisie pour notre collaboration il se fait avec la m\u00eame pr\u00e9ciosit\u00e9 et professionnalisme, \u00e0 savoir une \u00e9quipe d\u00e9di\u00e9e selon le concept et la direction.\nCe film prend la forme d\u2019un court m\u00e9trage avec une  direction reportage mode ou plus intimiste.<\/div><div data-canvas-width=\"90.57066666666665\" class=\"translation-block\">Tous ces \u00e9l\u00e9ments entrent dans le cadre d\u2019un devis \u00e9tudi\u00e9 selon la direction \nde notre projet. Du simple portrait, \u00e0 des images plus conceptualis\u00e9es.<\/div>\t\t\t\t\t\t\t\t<\/div>\n\t\t\t\t<\/div>\n\t\t\t\t\t<\/div>\n\t\t<\/div>\n\t\t\t\t\t<\/div>\n\t\t<\/section>\n\t\t\t\t<section class=\"elementor-section elementor-top-section elementor-element elementor-element-19167f7 elementor-section-boxed elementor-section-height-default elementor-section-height-default\" data-id=\"19167f7\" data-element_type=\"section\" data-e-type=\"section\">\n\t\t\t\t\t\t<div class=\"elementor-container elementor-column-gap-default\">\n\t\t\t\t\t<div class=\"elementor-column elementor-col-100 elementor-top-column elementor-element elementor-element-28f9899\" data-id=\"28f9899\" data-element_type=\"column\" data-e-type=\"column\">\n\t\t\t<div class=\"elementor-widget-wrap elementor-element-populated\">\n\t\t\t\t\t\t<div class=\"elementor-element elementor-element-fc26d5e elementor-widget elementor-widget-spacer\" data-id=\"fc26d5e\" data-element_type=\"widget\" data-e-type=\"widget\" data-widget_type=\"spacer.default\">\n\t\t\t\t<div class=\"elementor-widget-container\">\n\t\t\t\t\t\t\t<div class=\"elementor-spacer\">\n\t\t\t<div class=\"elementor-spacer-inner\"><\/div>\n\t\t<\/div>\n\t\t\t\t\t\t<\/div>\n\t\t\t\t<\/div>\n\t\t\t\t\t<\/div>\n\t\t<\/div>\n\t\t\t\t\t<\/div>\n\t\t<\/section>\n\t\t\t\t<\/div>","protected":false},"excerpt":{"rendered":"<p>COLIGNY\u00a0manages all the elements required to produce the images.\u00a0If necessary, we look for locations, technical elements and a professional\u00a0team, all with editorial and artistic backgrounds.\u00a0Make-up artist, hairdresser, stylist, photo lab, framing, videographer.\u00a0The final work is printed under the same conditions as a gallery exhibition,\u00a0and framed to match the architecture and interior design of your venue. [&hellip;]<\/p>\n","protected":false},"author":1,"featured_media":0,"parent":0,"menu_order":0,"comment_status":"closed","ping_status":"closed","template":"","meta":{"footnotes":""},"class_list":["post-682","page","type-page","status-publish","hentry"],"_links":{"self":[{"href":"http:\/\/www.coligny-paris.com\/fr\/wp-json\/wp\/v2\/pages\/682","targetHints":{"allow":["GET"]}}],"collection":[{"href":"http:\/\/www.coligny-paris.com\/fr\/wp-json\/wp\/v2\/pages"}],"about":[{"href":"http:\/\/www.coligny-paris.com\/fr\/wp-json\/wp\/v2\/types\/page"}],"author":[{"embeddable":true,"href":"http:\/\/www.coligny-paris.com\/fr\/wp-json\/wp\/v2\/users\/1"}],"replies":[{"embeddable":true,"href":"http:\/\/www.coligny-paris.com\/fr\/wp-json\/wp\/v2\/comments?post=682"}],"version-history":[{"count":52,"href":"http:\/\/www.coligny-paris.com\/fr\/wp-json\/wp\/v2\/pages\/682\/revisions"}],"predecessor-version":[{"id":1493,"href":"http:\/\/www.coligny-paris.com\/fr\/wp-json\/wp\/v2\/pages\/682\/revisions\/1493"}],"wp:attachment":[{"href":"http:\/\/www.coligny-paris.com\/fr\/wp-json\/wp\/v2\/media?parent=682"}],"curies":[{"name":"wp","href":"https:\/\/api.w.org\/{rel}","templated":true}]}}